{"id":1711,"date":"2024-11-06T22:06:18","date_gmt":"2024-11-06T22:06:18","guid":{"rendered":"https:\/\/colchonescamudi.com.ar\/web\/?page_id=1711"},"modified":"2024-12-04T17:54:04","modified_gmt":"2024-12-04T17:54:04","slug":"infantil","status":"publish","type":"page","link":"https:\/\/colchonescamudi.com.ar\/web\/infantil\/","title":{"rendered":"Infantil (new)"},"content":{"rendered":"\t\t<div data-elementor-type=\"wp-page\" data-elementor-id=\"1711\" class=\"elementor elementor-1711\">\n\t\t\t\t<div class=\"elementor-element elementor-element-78ab5a0 e-flex e-con-boxed wpr-particle-no wpr-jarallax-no wpr-parallax-no wpr-sticky-section-no e-con e-parent\" data-id=\"78ab5a0\" data-element_type=\"container\" data-e-type=\"container\">\n\t\t\t\t\t<div class=\"e-con-inner\">\n\t\t\t\t<div class=\"elementor-element elementor-element-c4547f8 elementor-widget elementor-widget-spacer\" data-id=\"c4547f8\" data-element_type=\"widget\" data-e-type=\"widget\" data-widget_type=\"spacer.default\">\n\t\t\t\t<div class=\"elementor-widget-container\">\n\t\t\t\t\t\t\t<div class=\"elementor-spacer\">\n\t\t\t<div class=\"elementor-spacer-inner\"><\/div>\n\t\t<\/div>\n\t\t\t\t\t\t<\/div>\n\t\t\t\t<\/div>\n\t\t\t\t\t<\/div>\n\t\t\t\t<\/div>\n\t\t<div class=\"elementor-element elementor-element-30e9ece e-flex e-con-boxed wpr-particle-no wpr-jarallax-no wpr-parallax-no wpr-sticky-section-no e-con e-parent\" data-id=\"30e9ece\" data-element_type=\"container\" data-e-type=\"container\">\n\t\t\t\t\t<div class=\"e-con-inner\">\n\t\t\t\t<div class=\"elementor-element elementor-element-eef07e1 elementor-widget__width-initial animated-fast elementor-invisible elementor-widget elementor-widget-heading\" data-id=\"eef07e1\" data-element_type=\"widget\" data-e-type=\"widget\" data-settings=\"{&quot;_animation&quot;:&quot;fadeIn&quot;}\" data-widget_type=\"heading.default\">\n\t\t\t\t<div class=\"elementor-widget-container\">\n\t\t\t\t\t<h2 class=\"elementor-heading-title elementor-size-default\">INFANTIL<\/h2>\t\t\t\t<\/div>\n\t\t\t\t<\/div>\n\t\t\t\t\t<\/div>\n\t\t\t\t<\/div>\n\t\t<div class=\"elementor-element elementor-element-3c532ac e-grid e-con-boxed wpr-particle-no wpr-jarallax-no wpr-parallax-no wpr-sticky-section-no e-con e-parent\" data-id=\"3c532ac\" data-element_type=\"container\" data-e-type=\"container\">\n\t\t\t\t\t<div class=\"e-con-inner\">\n\t\t<div class=\"elementor-element elementor-element-81968ee animated-fast e-flex e-con-boxed wpr-particle-no wpr-jarallax-no wpr-parallax-no wpr-sticky-section-no elementor-invisible e-con e-child\" data-id=\"81968ee\" data-element_type=\"container\" data-e-type=\"container\" data-settings=\"{&quot;background_background&quot;:&quot;classic&quot;,&quot;animation&quot;:&quot;fadeIn&quot;,&quot;animation_delay&quot;:100}\">\n\t\t\t\t\t<div class=\"e-con-inner\">\n\t\t\t\t<div class=\"elementor-element elementor-element-1dd8d6b elementor-widget elementor-widget-text-editor\" data-id=\"1dd8d6b\" data-element_type=\"widget\" data-e-type=\"widget\" data-widget_type=\"text-editor.default\">\n\t\t\t\t<div class=\"elementor-widget-container\">\n\t\t\t\t\t\t\t\t\t<p>MODELO<\/p>\t\t\t\t\t\t\t\t<\/div>\n\t\t\t\t<\/div>\n\t\t\t\t<div class=\"elementor-element elementor-element-6e26d33 elementor-widget elementor-widget-heading\" data-id=\"6e26d33\" data-element_type=\"widget\" data-e-type=\"widget\" data-widget_type=\"heading.default\">\n\t\t\t\t<div class=\"elementor-widget-container\">\n\t\t\t\t\t<h2 class=\"elementor-heading-title elementor-size-default\">JUNIOR ECO<\/h2>\t\t\t\t<\/div>\n\t\t\t\t<\/div>\n\t\t\t\t<div class=\"elementor-element elementor-element-da34878 elementor-widget elementor-widget-text-editor\" data-id=\"da34878\" data-element_type=\"widget\" data-e-type=\"widget\" data-widget_type=\"text-editor.default\">\n\t\t\t\t<div class=\"elementor-widget-container\">\n\t\t\t\t\t\t\t\t\t<p>Donde los sue\u00f1os comienzan<\/p>\t\t\t\t\t\t\t\t<\/div>\n\t\t\t\t<\/div>\n\t\t\t\t<div class=\"elementor-element elementor-element-5ee9a52 e-transform e-transform elementor-widget elementor-widget-image\" data-id=\"5ee9a52\" data-element_type=\"widget\" data-e-type=\"widget\" data-settings=\"{&quot;_transform_translateX_effect&quot;:{&quot;unit&quot;:&quot;px&quot;,&quot;size&quot;:-11,&quot;sizes&quot;:[]},&quot;_transform_translateY_effect&quot;:{&quot;unit&quot;:&quot;px&quot;,&quot;size&quot;:-24,&quot;sizes&quot;:[]},&quot;_transform_flipX_effect&quot;:&quot;transform&quot;,&quot;_transform_translateX_effect_tablet&quot;:{&quot;unit&quot;:&quot;px&quot;,&quot;size&quot;:&quot;&quot;,&quot;sizes&quot;:[]},&quot;_transform_translateX_effect_mobile&quot;:{&quot;unit&quot;:&quot;px&quot;,&quot;size&quot;:&quot;&quot;,&quot;sizes&quot;:[]},&quot;_transform_translateY_effect_tablet&quot;:{&quot;unit&quot;:&quot;px&quot;,&quot;size&quot;:&quot;&quot;,&quot;sizes&quot;:[]},&quot;_transform_translateY_effect_mobile&quot;:{&quot;unit&quot;:&quot;px&quot;,&quot;size&quot;:&quot;&quot;,&quot;sizes&quot;:[]}}\" data-widget_type=\"image.default\">\n\t\t\t\t<div class=\"elementor-widget-container\">\n\t\t\t\t\t\t\t\t\t\t\t\t\t\t\t<img fetchpriority=\"high\" decoding=\"async\" width=\"2092\" height=\"1655\" src=\"https:\/\/colchonescamudi.com.ar\/web\/wp-content\/uploads\/2024\/11\/junior5-1-1.png\" class=\"attachment-full size-full wp-image-1714\" alt=\"\" srcset=\"https:\/\/colchonescamudi.com.ar\/web\/wp-content\/uploads\/2024\/11\/junior5-1-1.png 2092w, https:\/\/colchonescamudi.com.ar\/web\/wp-content\/uploads\/2024\/11\/junior5-1-1-300x237.png 300w, https:\/\/colchonescamudi.com.ar\/web\/wp-content\/uploads\/2024\/11\/junior5-1-1-1024x810.png 1024w, https:\/\/colchonescamudi.com.ar\/web\/wp-content\/uploads\/2024\/11\/junior5-1-1-768x608.png 768w, https:\/\/colchonescamudi.com.ar\/web\/wp-content\/uploads\/2024\/11\/junior5-1-1-1536x1215.png 1536w, https:\/\/colchonescamudi.com.ar\/web\/wp-content\/uploads\/2024\/11\/junior5-1-1-2048x1620.png 2048w, https:\/\/colchonescamudi.com.ar\/web\/wp-content\/uploads\/2024\/11\/junior5-1-1-600x475.png 600w, https:\/\/colchonescamudi.com.ar\/web\/wp-content\/uploads\/2024\/11\/junior5-1-1-64x51.png 64w\" sizes=\"(max-width: 2092px) 100vw, 2092px\" \/>\t\t\t\t\t\t\t\t\t\t\t\t\t\t\t<\/div>\n\t\t\t\t<\/div>\n\t\t\t\t<div class=\"elementor-element elementor-element-4701a35 elementor-align-center elementor-widget elementor-widget-button\" data-id=\"4701a35\" data-element_type=\"widget\" data-e-type=\"widget\" data-widget_type=\"button.default\">\n\t\t\t\t<div class=\"elementor-widget-container\">\n\t\t\t\t\t\t\t\t\t<div class=\"elementor-button-wrapper\">\n\t\t\t\t\t<a class=\"elementor-button elementor-button-link elementor-size-sm\" href=\"https:\/\/colchonescamudi.com.ar\/web\/producto\/linea-junior-150-x-090-x-12-cms\/\">\n\t\t\t\t\t\t<span class=\"elementor-button-content-wrapper\">\n\t\t\t\t\t\t\t\t\t<span class=\"elementor-button-text\">ver m\u00e1s<\/span>\n\t\t\t\t\t<\/span>\n\t\t\t\t\t<\/a>\n\t\t\t\t<\/div>\n\t\t\t\t\t\t\t\t<\/div>\n\t\t\t\t<\/div>\n\t\t\t\t<div class=\"elementor-element elementor-element-00822d6 elementor-widget__width-initial elementor-widget elementor-widget-spacer\" data-id=\"00822d6\" data-element_type=\"widget\" data-e-type=\"widget\" data-widget_type=\"spacer.default\">\n\t\t\t\t<div class=\"elementor-widget-container\">\n\t\t\t\t\t\t\t<div class=\"elementor-spacer\">\n\t\t\t<div class=\"elementor-spacer-inner\"><\/div>\n\t\t<\/div>\n\t\t\t\t\t\t<\/div>\n\t\t\t\t<\/div>\n\t\t\t\t\t<\/div>\n\t\t\t\t<\/div>\n\t\t<div class=\"elementor-element elementor-element-895cc10 animated-fast e-con-full e-flex wpr-particle-no wpr-jarallax-no wpr-parallax-no wpr-sticky-section-no elementor-invisible e-con e-child\" data-id=\"895cc10\" data-element_type=\"container\" data-e-type=\"container\" data-settings=\"{&quot;background_background&quot;:&quot;classic&quot;,&quot;animation&quot;:&quot;fadeIn&quot;,&quot;animation_delay&quot;:100}\">\n\t\t\t\t<div class=\"elementor-element elementor-element-70418b4 elementor-widget elementor-widget-text-editor\" data-id=\"70418b4\" data-element_type=\"widget\" data-e-type=\"widget\" data-widget_type=\"text-editor.default\">\n\t\t\t\t<div class=\"elementor-widget-container\">\n\t\t\t\t\t\t\t\t\t<p>MODELO<\/p>\t\t\t\t\t\t\t\t<\/div>\n\t\t\t\t<\/div>\n\t\t\t\t<div class=\"elementor-element elementor-element-62e667a elementor-widget elementor-widget-heading\" data-id=\"62e667a\" data-element_type=\"widget\" data-e-type=\"widget\" data-widget_type=\"heading.default\">\n\t\t\t\t<div class=\"elementor-widget-container\">\n\t\t\t\t\t<h2 class=\"elementor-heading-title elementor-size-default\">JUNIOR S\u00c1BANA TM<\/h2>\t\t\t\t<\/div>\n\t\t\t\t<\/div>\n\t\t\t\t<div class=\"elementor-element elementor-element-15f84d8 elementor-widget elementor-widget-text-editor\" data-id=\"15f84d8\" data-element_type=\"widget\" data-e-type=\"widget\" data-widget_type=\"text-editor.default\">\n\t\t\t\t<div class=\"elementor-widget-container\">\n\t\t\t\t\t\t\t\t\t<p>Sue\u00f1os cuidados para los <br \/>m\u00e1s\u00a0 peques<\/p>\t\t\t\t\t\t\t\t<\/div>\n\t\t\t\t<\/div>\n\t\t\t\t<div class=\"elementor-element elementor-element-ef54213 e-transform e-transform elementor-absolute elementor-widget elementor-widget-image\" data-id=\"ef54213\" data-element_type=\"widget\" data-e-type=\"widget\" data-settings=\"{&quot;_transform_translateX_effect&quot;:{&quot;unit&quot;:&quot;px&quot;,&quot;size&quot;:-11,&quot;sizes&quot;:[]},&quot;_transform_translateY_effect&quot;:{&quot;unit&quot;:&quot;px&quot;,&quot;size&quot;:-24,&quot;sizes&quot;:[]},&quot;_transform_flipX_effect&quot;:&quot;transform&quot;,&quot;_position&quot;:&quot;absolute&quot;,&quot;_transform_translateX_effect_tablet&quot;:{&quot;unit&quot;:&quot;px&quot;,&quot;size&quot;:&quot;&quot;,&quot;sizes&quot;:[]},&quot;_transform_translateX_effect_mobile&quot;:{&quot;unit&quot;:&quot;px&quot;,&quot;size&quot;:&quot;&quot;,&quot;sizes&quot;:[]},&quot;_transform_translateY_effect_tablet&quot;:{&quot;unit&quot;:&quot;px&quot;,&quot;size&quot;:&quot;&quot;,&quot;sizes&quot;:[]},&quot;_transform_translateY_effect_mobile&quot;:{&quot;unit&quot;:&quot;px&quot;,&quot;size&quot;:&quot;&quot;,&quot;sizes&quot;:[]}}\" data-widget_type=\"image.default\">\n\t\t\t\t<div class=\"elementor-widget-container\">\n\t\t\t\t\t\t\t\t\t\t\t\t\t\t\t<img decoding=\"async\" width=\"2076\" height=\"1847\" src=\"https:\/\/colchonescamudi.com.ar\/web\/wp-content\/uploads\/2024\/11\/Feed-02.png\" class=\"attachment-full size-full wp-image-2304\" alt=\"\" srcset=\"https:\/\/colchonescamudi.com.ar\/web\/wp-content\/uploads\/2024\/11\/Feed-02.png 2076w, https:\/\/colchonescamudi.com.ar\/web\/wp-content\/uploads\/2024\/11\/Feed-02-300x267.png 300w, https:\/\/colchonescamudi.com.ar\/web\/wp-content\/uploads\/2024\/11\/Feed-02-1024x911.png 1024w, https:\/\/colchonescamudi.com.ar\/web\/wp-content\/uploads\/2024\/11\/Feed-02-768x683.png 768w, https:\/\/colchonescamudi.com.ar\/web\/wp-content\/uploads\/2024\/11\/Feed-02-1536x1367.png 1536w, https:\/\/colchonescamudi.com.ar\/web\/wp-content\/uploads\/2024\/11\/Feed-02-2048x1822.png 2048w, https:\/\/colchonescamudi.com.ar\/web\/wp-content\/uploads\/2024\/11\/Feed-02-600x534.png 600w, https:\/\/colchonescamudi.com.ar\/web\/wp-content\/uploads\/2024\/11\/Feed-02-64x57.png 64w\" sizes=\"(max-width: 2076px) 100vw, 2076px\" \/>\t\t\t\t\t\t\t\t\t\t\t\t\t\t\t<\/div>\n\t\t\t\t<\/div>\n\t\t\t\t<div class=\"elementor-element elementor-element-7d452b5 e-transform elementor-widget elementor-widget-image\" data-id=\"7d452b5\" data-element_type=\"widget\" data-e-type=\"widget\" data-settings=\"{&quot;_transform_translateX_effect&quot;:{&quot;unit&quot;:&quot;px&quot;,&quot;size&quot;:-11,&quot;sizes&quot;:[]},&quot;_transform_translateY_effect&quot;:{&quot;unit&quot;:&quot;px&quot;,&quot;size&quot;:-24,&quot;sizes&quot;:[]},&quot;_transform_translateX_effect_tablet&quot;:{&quot;unit&quot;:&quot;px&quot;,&quot;size&quot;:&quot;&quot;,&quot;sizes&quot;:[]},&quot;_transform_translateX_effect_mobile&quot;:{&quot;unit&quot;:&quot;px&quot;,&quot;size&quot;:&quot;&quot;,&quot;sizes&quot;:[]},&quot;_transform_translateY_effect_tablet&quot;:{&quot;unit&quot;:&quot;px&quot;,&quot;size&quot;:&quot;&quot;,&quot;sizes&quot;:[]},&quot;_transform_translateY_effect_mobile&quot;:{&quot;unit&quot;:&quot;px&quot;,&quot;size&quot;:&quot;&quot;,&quot;sizes&quot;:[]}}\" data-widget_type=\"image.default\">\n\t\t\t\t<div class=\"elementor-widget-container\">\n\t\t\t\t\t\t\t\t\t\t\t\t\t\t\t<img decoding=\"async\" width=\"2250\" height=\"2250\" src=\"https:\/\/colchonescamudi.com.ar\/web\/wp-content\/uploads\/2024\/11\/Feed_Mesa-de-trabajo-1.png\" class=\"attachment-full size-full wp-image-2305\" alt=\"\" srcset=\"https:\/\/colchonescamudi.com.ar\/web\/wp-content\/uploads\/2024\/11\/Feed_Mesa-de-trabajo-1.png 2250w, https:\/\/colchonescamudi.com.ar\/web\/wp-content\/uploads\/2024\/11\/Feed_Mesa-de-trabajo-1-300x300.png 300w, https:\/\/colchonescamudi.com.ar\/web\/wp-content\/uploads\/2024\/11\/Feed_Mesa-de-trabajo-1-1024x1024.png 1024w, https:\/\/colchonescamudi.com.ar\/web\/wp-content\/uploads\/2024\/11\/Feed_Mesa-de-trabajo-1-150x150.png 150w, https:\/\/colchonescamudi.com.ar\/web\/wp-content\/uploads\/2024\/11\/Feed_Mesa-de-trabajo-1-768x768.png 768w, https:\/\/colchonescamudi.com.ar\/web\/wp-content\/uploads\/2024\/11\/Feed_Mesa-de-trabajo-1-1536x1536.png 1536w, https:\/\/colchonescamudi.com.ar\/web\/wp-content\/uploads\/2024\/11\/Feed_Mesa-de-trabajo-1-2048x2048.png 2048w, https:\/\/colchonescamudi.com.ar\/web\/wp-content\/uploads\/2024\/11\/Feed_Mesa-de-trabajo-1-600x600.png 600w, https:\/\/colchonescamudi.com.ar\/web\/wp-content\/uploads\/2024\/11\/Feed_Mesa-de-trabajo-1-100x100.png 100w, https:\/\/colchonescamudi.com.ar\/web\/wp-content\/uploads\/2024\/11\/Feed_Mesa-de-trabajo-1-64x64.png 64w\" sizes=\"(max-width: 2250px) 100vw, 2250px\" \/>\t\t\t\t\t\t\t\t\t\t\t\t\t\t\t<\/div>\n\t\t\t\t<\/div>\n\t\t\t\t<div class=\"elementor-element elementor-element-a2eec51 elementor-align-center elementor-widget elementor-widget-button\" data-id=\"a2eec51\" data-element_type=\"widget\" data-e-type=\"widget\" data-widget_type=\"button.default\">\n\t\t\t\t<div class=\"elementor-widget-container\">\n\t\t\t\t\t\t\t\t\t<div class=\"elementor-button-wrapper\">\n\t\t\t\t\t<a class=\"elementor-button elementor-button-link elementor-size-sm\" href=\"https:\/\/colchonescamudi.com.ar\/web\/producto\/modelo-junior-sabana-tm\/\">\n\t\t\t\t\t\t<span class=\"elementor-button-content-wrapper\">\n\t\t\t\t\t\t\t\t\t<span class=\"elementor-button-text\">ver m\u00e1s<\/span>\n\t\t\t\t\t<\/span>\n\t\t\t\t\t<\/a>\n\t\t\t\t<\/div>\n\t\t\t\t\t\t\t\t<\/div>\n\t\t\t\t<\/div>\n\t\t\t\t<div class=\"elementor-element elementor-element-4def1a6 elementor-widget__width-initial elementor-widget elementor-widget-spacer\" data-id=\"4def1a6\" data-element_type=\"widget\" data-e-type=\"widget\" data-widget_type=\"spacer.default\">\n\t\t\t\t<div class=\"elementor-widget-container\">\n\t\t\t\t\t\t\t<div class=\"elementor-spacer\">\n\t\t\t<div class=\"elementor-spacer-inner\"><\/div>\n\t\t<\/div>\n\t\t\t\t\t\t<\/div>\n\t\t\t\t<\/div>\n\t\t\t\t<\/div>\n\t\t\t\t\t<\/div>\n\t\t\t\t<\/div>\n\t\t<div class=\"elementor-element elementor-element-d1e93be e-con-full full-width elementor-hidden-mobile e-flex wpr-particle-no wpr-jarallax-no wpr-parallax-no e-con e-parent\" data-id=\"d1e93be\" data-element_type=\"container\" data-e-type=\"container\" data-settings=\"{&quot;background_background&quot;:&quot;classic&quot;}\">\n\t\t\t\t<div class=\"elementor-element elementor-element-f710a79 e-transform elementor-widget elementor-widget-image\" data-id=\"f710a79\" data-element_type=\"widget\" data-e-type=\"widget\" data-settings=\"{&quot;motion_fx_motion_fx_mouse&quot;:&quot;yes&quot;,&quot;motion_fx_mouseTrack_effect&quot;:&quot;yes&quot;,&quot;motion_fx_mouseTrack_speed&quot;:{&quot;unit&quot;:&quot;px&quot;,&quot;size&quot;:5.7,&quot;sizes&quot;:[]},&quot;_transform_translateX_effect&quot;:{&quot;unit&quot;:&quot;px&quot;,&quot;size&quot;:400,&quot;sizes&quot;:[]},&quot;_transform_translateX_effect_tablet&quot;:{&quot;unit&quot;:&quot;px&quot;,&quot;size&quot;:&quot;&quot;,&quot;sizes&quot;:[]},&quot;_transform_translateX_effect_mobile&quot;:{&quot;unit&quot;:&quot;px&quot;,&quot;size&quot;:&quot;&quot;,&quot;sizes&quot;:[]},&quot;_transform_translateY_effect&quot;:{&quot;unit&quot;:&quot;px&quot;,&quot;size&quot;:&quot;&quot;,&quot;sizes&quot;:[]},&quot;_transform_translateY_effect_tablet&quot;:{&quot;unit&quot;:&quot;px&quot;,&quot;size&quot;:&quot;&quot;,&quot;sizes&quot;:[]},&quot;_transform_translateY_effect_mobile&quot;:{&quot;unit&quot;:&quot;px&quot;,&quot;size&quot;:&quot;&quot;,&quot;sizes&quot;:[]}}\" data-widget_type=\"image.default\">\n\t\t\t\t<div class=\"elementor-widget-container\">\n\t\t\t\t\t\t\t\t\t\t\t\t\t\t\t<img loading=\"lazy\" decoding=\"async\" width=\"31\" height=\"32\" src=\"https:\/\/colchonescamudi.com.ar\/web\/wp-content\/uploads\/2024\/11\/blue-shine.png\" class=\"attachment-large size-large wp-image-1585\" alt=\"\" \/>\t\t\t\t\t\t\t\t\t\t\t\t\t\t\t<\/div>\n\t\t\t\t<\/div>\n\t\t\t\t<div class=\"elementor-element elementor-element-360ce4a wpr-fancy-text-slide elementor-widget__width-inherit wpr-advanced-text-style-animated wpr-animated-text-infinite-yes elementor-widget elementor-widget-wpr-advanced-text\" data-id=\"360ce4a\" data-element_type=\"widget\" data-e-type=\"widget\" data-settings=\"{&quot;anim_loop&quot;:&quot;yes&quot;}\" data-widget_type=\"wpr-advanced-text.default\">\n\t\t\t\t<div class=\"elementor-widget-container\">\n\t\t\t\t\t\n\t\t<p class=\"wpr-advanced-text\">\n\n\t\t\t\t\t\n\t\t\t\n\t\t<span class=\"wpr-anim-text wpr-anim-text-type-slide\" data-anim-duration=\"1000,2000\" data-anim-loop=\"yes\">\n\t\t\t<span class=\"wpr-anim-text-inner\">\n\t\t\t\t\t\t\t\t\t<b>Nuestros productos presentes a lo largo del pa\u00eds<\/b>\n\t\t\t\t\t\t\t\t\t<b>M\u00e1s de 20 a\u00f1os de experiencia fabricando productos para un buen dormir<\/b>\n\t\t\t\t\t\t\t\t\t<b>Cont\u00e1ctanos para venta mayorista y minorista<\/b>\n\t\t\t\t\t\t\t<\/span>\n\t\t\t\t\t<\/span>\n\n\t\t\t\t\n\t\t<\/p>\n\t\t\n\t\t\t\t\t\t<\/div>\n\t\t\t\t<\/div>\n\t\t\t\t<\/div>\n\t\t<div class=\"elementor-element elementor-element-36dc948 e-con-full e-flex wpr-particle-no wpr-jarallax-no wpr-parallax-no wpr-sticky-section-no e-con e-parent\" data-id=\"36dc948\" data-element_type=\"container\" data-e-type=\"container\">\n\t\t<div class=\"elementor-element elementor-element-75b0f6d e-con-full elementor-hidden-desktop e-flex wpr-particle-no wpr-jarallax-no wpr-parallax-no wpr-sticky-section-no e-con e-child\" data-id=\"75b0f6d\" data-element_type=\"container\" data-e-type=\"container\">\n\t\t<div class=\"elementor-element elementor-element-e119f4b e-con-full full-width elementor-hidden-desktop elementor-hidden-tablet e-flex wpr-particle-no wpr-jarallax-no wpr-parallax-no e-con e-child\" data-id=\"e119f4b\" data-element_type=\"container\" data-e-type=\"container\" data-settings=\"{&quot;background_background&quot;:&quot;classic&quot;}\">\n\t\t\t\t<div class=\"elementor-element elementor-element-b91a965 e-transform elementor-widget elementor-widget-image\" data-id=\"b91a965\" data-element_type=\"widget\" data-e-type=\"widget\" data-settings=\"{&quot;_transform_translateX_effect&quot;:{&quot;unit&quot;:&quot;px&quot;,&quot;size&quot;:400,&quot;sizes&quot;:[]},&quot;_animation_mobile&quot;:&quot;fadeIn&quot;,&quot;_transform_translateX_effect_mobile&quot;:{&quot;unit&quot;:&quot;px&quot;,&quot;size&quot;:0,&quot;sizes&quot;:[]},&quot;_transform_translateX_effect_tablet&quot;:{&quot;unit&quot;:&quot;px&quot;,&quot;size&quot;:&quot;&quot;,&quot;sizes&quot;:[]},&quot;_transform_translateY_effect&quot;:{&quot;unit&quot;:&quot;px&quot;,&quot;size&quot;:&quot;&quot;,&quot;sizes&quot;:[]},&quot;_transform_translateY_effect_tablet&quot;:{&quot;unit&quot;:&quot;px&quot;,&quot;size&quot;:&quot;&quot;,&quot;sizes&quot;:[]},&quot;_transform_translateY_effect_mobile&quot;:{&quot;unit&quot;:&quot;px&quot;,&quot;size&quot;:&quot;&quot;,&quot;sizes&quot;:[]}}\" data-widget_type=\"image.default\">\n\t\t\t\t<div class=\"elementor-widget-container\">\n\t\t\t\t\t\t\t\t\t\t\t\t\t\t\t<img loading=\"lazy\" decoding=\"async\" width=\"31\" height=\"32\" src=\"https:\/\/colchonescamudi.com.ar\/web\/wp-content\/uploads\/2024\/11\/blue-shine.png\" class=\"attachment-large size-large wp-image-1585\" alt=\"\" \/>\t\t\t\t\t\t\t\t\t\t\t\t\t\t\t<\/div>\n\t\t\t\t<\/div>\n\t\t\t\t<div class=\"elementor-element elementor-element-b4655bd wpr-fancy-text-slide wpr-advanced-text-style-animated wpr-animated-text-infinite-yes elementor-widget elementor-widget-wpr-advanced-text\" data-id=\"b4655bd\" data-element_type=\"widget\" data-e-type=\"widget\" data-settings=\"{&quot;anim_loop&quot;:&quot;yes&quot;}\" data-widget_type=\"wpr-advanced-text.default\">\n\t\t\t\t<div class=\"elementor-widget-container\">\n\t\t\t\t\t\n\t\t<p class=\"wpr-advanced-text\">\n\n\t\t\t\t\t\n\t\t\t\n\t\t<span class=\"wpr-anim-text wpr-anim-text-type-slide\" data-anim-duration=\"1000,2000\" data-anim-loop=\"yes\">\n\t\t\t<span class=\"wpr-anim-text-inner\">\n\t\t\t\t\t\t\t\t\t<b>Presentes en todo el pa\u00eds<\/b>\n\t\t\t\t\t\t\t\t\t<b>M\u00e1s de 20 a\u00f1os de experiencia<\/b>\n\t\t\t\t\t\t\t\t\t<b>Venta mayorista y minorista<\/b>\n\t\t\t\t\t\t\t<\/span>\n\t\t\t\t\t<\/span>\n\n\t\t\t\t\n\t\t<\/p>\n\t\t\n\t\t\t\t\t\t<\/div>\n\t\t\t\t<\/div>\n\t\t\t\t<\/div>\n\t\t\t\t<\/div>\n\t\t\t\t<\/div>\n\t\t\t\t<\/div>\n\t\t","protected":false},"excerpt":{"rendered":"<p>INFANTIL MODELO JUNIOR ECO Donde los sue\u00f1os comienzan ver m\u00e1s MODELO JUNIOR S\u00c1BANA TM Sue\u00f1os cuidados para los m\u00e1s\u00a0 peques ver m\u00e1s Nuestros productos presentes a lo largo del pa\u00eds M\u00e1s de<a class=\"moretag\" href=\"https:\/\/colchonescamudi.com.ar\/web\/infantil\/\">Leer m\u00e1s&#8230;<\/a><\/p>\n","protected":false},"author":2,"featured_media":0,"parent":0,"menu_order":0,"comment_status":"closed","ping_status":"closed","template":"elementor_header_footer","meta":{"footnotes":""},"class_list":["post-1711","page","type-page","status-publish","hentry"],"_links":{"self":[{"href":"https:\/\/colchonescamudi.com.ar\/web\/wp-json\/wp\/v2\/pages\/1711","targetHints":{"allow":["GET"]}}],"collection":[{"href":"https:\/\/colchonescamudi.com.ar\/web\/wp-json\/wp\/v2\/pages"}],"about":[{"href":"https:\/\/colchonescamudi.com.ar\/web\/wp-json\/wp\/v2\/types\/page"}],"author":[{"embeddable":true,"href":"https:\/\/colchonescamudi.com.ar\/web\/wp-json\/wp\/v2\/users\/2"}],"replies":[{"embeddable":true,"href":"https:\/\/colchonescamudi.com.ar\/web\/wp-json\/wp\/v2\/comments?post=1711"}],"version-history":[{"count":100,"href":"https:\/\/colchonescamudi.com.ar\/web\/wp-json\/wp\/v2\/pages\/1711\/revisions"}],"predecessor-version":[{"id":2614,"href":"https:\/\/colchonescamudi.com.ar\/web\/wp-json\/wp\/v2\/pages\/1711\/revisions\/2614"}],"wp:attachment":[{"href":"https:\/\/colchonescamudi.com.ar\/web\/wp-json\/wp\/v2\/media?parent=1711"}],"curies":[{"name":"wp","href":"https:\/\/api.w.org\/{rel}","templated":true}]}}