{"id":2342,"date":"2024-11-25T21:37:18","date_gmt":"2024-11-25T21:37:18","guid":{"rendered":"https:\/\/colchonescamudi.com.ar\/web\/?page_id=2342"},"modified":"2024-12-05T04:08:09","modified_gmt":"2024-12-05T04:08:09","slug":"garantias","status":"publish","type":"page","link":"https:\/\/colchonescamudi.com.ar\/web\/garantias\/","title":{"rendered":"Garant\u00edas"},"content":{"rendered":"\t\t<div data-elementor-type=\"wp-page\" data-elementor-id=\"2342\" class=\"elementor elementor-2342\">\n\t\t\t\t<div class=\"elementor-element elementor-element-b289ff6 e-flex e-con-boxed wpr-particle-no wpr-jarallax-no wpr-parallax-no wpr-sticky-section-no e-con e-parent\" data-id=\"b289ff6\" data-element_type=\"container\" data-e-type=\"container\">\n\t\t\t\t\t<div class=\"e-con-inner\">\n\t\t\t\t<div class=\"elementor-element elementor-element-bf09e1f elementor-widget elementor-widget-spacer\" data-id=\"bf09e1f\" data-element_type=\"widget\" data-e-type=\"widget\" data-widget_type=\"spacer.default\">\n\t\t\t\t<div class=\"elementor-widget-container\">\n\t\t\t\t\t\t\t<div class=\"elementor-spacer\">\n\t\t\t<div class=\"elementor-spacer-inner\"><\/div>\n\t\t<\/div>\n\t\t\t\t\t\t<\/div>\n\t\t\t\t<\/div>\n\t\t\t\t<div class=\"elementor-element elementor-element-69f4fdd elementor-widget elementor-widget-heading\" data-id=\"69f4fdd\" data-element_type=\"widget\" data-e-type=\"widget\" data-widget_type=\"heading.default\">\n\t\t\t\t<div class=\"elementor-widget-container\">\n\t\t\t\t\t<h2 class=\"elementor-heading-title elementor-size-default\">Garant\u00eda<\/h2>\t\t\t\t<\/div>\n\t\t\t\t<\/div>\n\t\t\t\t<div class=\"elementor-element elementor-element-38a7ca7 elementor-widget elementor-widget-spacer\" data-id=\"38a7ca7\" data-element_type=\"widget\" data-e-type=\"widget\" data-widget_type=\"spacer.default\">\n\t\t\t\t<div class=\"elementor-widget-container\">\n\t\t\t\t\t\t\t<div class=\"elementor-spacer\">\n\t\t\t<div class=\"elementor-spacer-inner\"><\/div>\n\t\t<\/div>\n\t\t\t\t\t\t<\/div>\n\t\t\t\t<\/div>\n\t\t\t\t\t<\/div>\n\t\t\t\t<\/div>\n\t\t<div class=\"elementor-element elementor-element-cfa96a5 e-flex e-con-boxed wpr-particle-no wpr-jarallax-no wpr-parallax-no wpr-sticky-section-no e-con e-parent\" data-id=\"cfa96a5\" data-element_type=\"container\" data-e-type=\"container\">\n\t\t\t\t\t<div class=\"e-con-inner\">\n\t\t\t\t<div class=\"elementor-element elementor-element-0eec3a7 elementor-widget elementor-widget-text-editor\" data-id=\"0eec3a7\" data-element_type=\"widget\" data-e-type=\"widget\" data-widget_type=\"text-editor.default\">\n\t\t\t\t<div class=\"elementor-widget-container\">\n\t\t\t\t\t\t\t\t\t<p><span style=\"text-decoration: underline;\"><strong>ELIJA EL COLCH\u00d3N QUE MEJOR SE ADAPTA A SU CUERPO<\/strong><\/span><\/p>\t\t\t\t\t\t\t\t<\/div>\n\t\t\t\t<\/div>\n\t\t\t\t\t<\/div>\n\t\t\t\t<\/div>\n\t\t<div class=\"elementor-element elementor-element-67872e2 e-flex e-con-boxed wpr-particle-no wpr-jarallax-no wpr-parallax-no wpr-sticky-section-no e-con e-parent\" data-id=\"67872e2\" data-element_type=\"container\" data-e-type=\"container\">\n\t\t\t\t\t<div class=\"e-con-inner\">\n\t\t<div class=\"elementor-element elementor-element-6f3955a e-con-full e-flex wpr-particle-no wpr-jarallax-no wpr-parallax-no wpr-sticky-section-no e-con e-child\" data-id=\"6f3955a\" data-element_type=\"container\" data-e-type=\"container\">\n\t\t\t\t<div class=\"elementor-element elementor-element-da78221 elementor-widget elementor-widget-text-editor\" data-id=\"da78221\" data-element_type=\"widget\" data-e-type=\"widget\" data-widget_type=\"text-editor.default\">\n\t\t\t\t<div class=\"elementor-widget-container\">\n\t\t\t\t\t\t\t\t\t<p>RECOMENDACIONES sobre tu colch\u00f3n<\/p><ul class=\"wp-block-list\"><li>Deber\u00e1 colocarse sobre una superficie r\u00edgida y uniforme.<\/li><li>Debe mantenerse en espacios cerrados; la lluvia, el sol y la humedad podr\u00e1n deteriorar y\/o da\u00f1ar sus componentes y\/o estructura<\/li><li>Colocar lejos de estufas u otras fuentes de calor, para impedir que se deteriore el color y la textura.<\/li><li>No deben ser usados con su embalaje original<\/li><li>Deber\u00e1 rotarse mensualmente para optimizar su durabilidad<\/li><\/ul><p>Para un mayor tiempo de utilidad de su colch\u00f3n aconsejamos comprar un producto de acuerdo a esta <strong>tabla sugerida:<\/strong><\/p>\t\t\t\t\t\t\t\t<\/div>\n\t\t\t\t<\/div>\n\t\t\t\t<\/div>\n\t\t<div class=\"elementor-element elementor-element-c58e555 e-con-full e-flex wpr-particle-no wpr-jarallax-no wpr-parallax-no wpr-sticky-section-no e-con e-child\" data-id=\"c58e555\" data-element_type=\"container\" data-e-type=\"container\">\n\t\t\t\t<div class=\"elementor-element elementor-element-635d796 elementor-widget elementor-widget-image\" data-id=\"635d796\" data-element_type=\"widget\" data-e-type=\"widget\" data-widget_type=\"image.default\">\n\t\t\t\t<div class=\"elementor-widget-container\">\n\t\t\t\t\t\t\t\t\t\t\t\t\t\t\t<img fetchpriority=\"high\" decoding=\"async\" width=\"604\" height=\"854\" src=\"https:\/\/colchonescamudi.com.ar\/web\/wp-content\/uploads\/2024\/11\/Sin-titulo-1-15-1-724x1024.jpg\" class=\"attachment-large size-large wp-image-2354\" alt=\"\" srcset=\"https:\/\/colchonescamudi.com.ar\/web\/wp-content\/uploads\/2024\/11\/Sin-titulo-1-15-1-724x1024.jpg 724w, https:\/\/colchonescamudi.com.ar\/web\/wp-content\/uploads\/2024\/11\/Sin-titulo-1-15-1-212x300.jpg 212w, https:\/\/colchonescamudi.com.ar\/web\/wp-content\/uploads\/2024\/11\/Sin-titulo-1-15-1-768x1086.jpg 768w, https:\/\/colchonescamudi.com.ar\/web\/wp-content\/uploads\/2024\/11\/Sin-titulo-1-15-1-1086x1536.jpg 1086w, https:\/\/colchonescamudi.com.ar\/web\/wp-content\/uploads\/2024\/11\/Sin-titulo-1-15-1-1448x2048.jpg 1448w, https:\/\/colchonescamudi.com.ar\/web\/wp-content\/uploads\/2024\/11\/Sin-titulo-1-15-1-600x849.jpg 600w, https:\/\/colchonescamudi.com.ar\/web\/wp-content\/uploads\/2024\/11\/Sin-titulo-1-15-1-64x91.jpg 64w, https:\/\/colchonescamudi.com.ar\/web\/wp-content\/uploads\/2024\/11\/Sin-titulo-1-15-1-scaled.jpg 1810w\" sizes=\"(max-width: 604px) 100vw, 604px\" \/>\t\t\t\t\t\t\t\t\t\t\t\t\t\t\t<\/div>\n\t\t\t\t<\/div>\n\t\t\t\t<\/div>\n\t\t\t\t\t<\/div>\n\t\t\t\t<\/div>\n\t\t<div class=\"elementor-element elementor-element-3de3f6b e-flex e-con-boxed wpr-particle-no wpr-jarallax-no wpr-parallax-no wpr-sticky-section-no e-con e-parent\" data-id=\"3de3f6b\" data-element_type=\"container\" data-e-type=\"container\">\n\t\t\t\t\t<div class=\"e-con-inner\">\n\t\t\t\t<div class=\"elementor-element elementor-element-aab4c5d elementor-widget elementor-widget-spacer\" data-id=\"aab4c5d\" data-element_type=\"widget\" data-e-type=\"widget\" data-widget_type=\"spacer.default\">\n\t\t\t\t<div class=\"elementor-widget-container\">\n\t\t\t\t\t\t\t<div class=\"elementor-spacer\">\n\t\t\t<div class=\"elementor-spacer-inner\"><\/div>\n\t\t<\/div>\n\t\t\t\t\t\t<\/div>\n\t\t\t\t<\/div>\n\t\t\t\t\t<\/div>\n\t\t\t\t<\/div>\n\t\t<div class=\"elementor-element elementor-element-01a1c6c e-flex e-con-boxed wpr-particle-no wpr-jarallax-no wpr-parallax-no wpr-sticky-section-no e-con e-parent\" data-id=\"01a1c6c\" data-element_type=\"container\" data-e-type=\"container\">\n\t\t\t\t\t<div class=\"e-con-inner\">\n\t\t<div class=\"elementor-element elementor-element-0e7203f e-con-full e-flex wpr-particle-no wpr-jarallax-no wpr-parallax-no wpr-sticky-section-no e-con e-child\" data-id=\"0e7203f\" data-element_type=\"container\" data-e-type=\"container\">\n\t\t\t\t<div class=\"elementor-element elementor-element-ca3c6f3 elementor-widget elementor-widget-text-editor\" data-id=\"ca3c6f3\" data-element_type=\"widget\" data-e-type=\"widget\" data-widget_type=\"text-editor.default\">\n\t\t\t\t<div class=\"elementor-widget-container\">\n\t\t\t\t\t\t\t\t\t<p>La garant\u00eda <strong>SOLO<\/strong> se aplica sobre la espuma. <strong>NO SER\u00c1<\/strong> aplicada sobre su tela y\/o en las siguientes circunstancias<\/p><ul class=\"wp-block-list\"><li>Desgastes normales<\/li><li>Si el comprador no presenta la factura de compra y la presente garant\u00eda.<\/li><li>Si el colch\u00f3n es da\u00f1ado por utilizarlo con una base de descanso no apropiada<\/li><li>Cuando la falla del producto se debe a causas ajenas al material, su ejecuci\u00f3n o manufactura.<\/li><li>Deterioros causados por someter al producto a un peso excesivo.<\/li><\/ul><p>Tolerancia de medidas:\u00a0El r\u00e9gimen de tolerancia de medidas es de \/-2 cm. en el largo\/ancho\/alto.<\/p>\t\t\t\t\t\t\t\t<\/div>\n\t\t\t\t<\/div>\n\t\t\t\t<\/div>\n\t\t<div class=\"elementor-element elementor-element-7ece55a e-con-full e-flex wpr-particle-no wpr-jarallax-no wpr-parallax-no wpr-sticky-section-no e-con e-child\" data-id=\"7ece55a\" data-element_type=\"container\" data-e-type=\"container\">\n\t\t\t\t<div class=\"elementor-element elementor-element-b2d7fcc elementor-widget elementor-widget-image\" data-id=\"b2d7fcc\" data-element_type=\"widget\" data-e-type=\"widget\" data-widget_type=\"image.default\">\n\t\t\t\t<div class=\"elementor-widget-container\">\n\t\t\t\t\t\t\t\t\t\t\t\t\t\t\t<img decoding=\"async\" width=\"604\" height=\"474\" src=\"https:\/\/colchonescamudi.com.ar\/web\/wp-content\/uploads\/2024\/11\/Sin-titulo-1-16-scaled-e1732570856566-768x603.jpg\" class=\"attachment-medium_large size-medium_large wp-image-2344\" alt=\"\" srcset=\"https:\/\/colchonescamudi.com.ar\/web\/wp-content\/uploads\/2024\/11\/Sin-titulo-1-16-scaled-e1732570856566-768x603.jpg 768w, https:\/\/colchonescamudi.com.ar\/web\/wp-content\/uploads\/2024\/11\/Sin-titulo-1-16-scaled-e1732570856566-300x235.jpg 300w, https:\/\/colchonescamudi.com.ar\/web\/wp-content\/uploads\/2024\/11\/Sin-titulo-1-16-scaled-e1732570856566-1024x804.jpg 1024w, https:\/\/colchonescamudi.com.ar\/web\/wp-content\/uploads\/2024\/11\/Sin-titulo-1-16-scaled-e1732570856566-600x471.jpg 600w, https:\/\/colchonescamudi.com.ar\/web\/wp-content\/uploads\/2024\/11\/Sin-titulo-1-16-scaled-e1732570856566-64x50.jpg 64w, https:\/\/colchonescamudi.com.ar\/web\/wp-content\/uploads\/2024\/11\/Sin-titulo-1-16-scaled-e1732570856566.jpg 1446w\" sizes=\"(max-width: 604px) 100vw, 604px\" \/>\t\t\t\t\t\t\t\t\t\t\t\t\t\t\t<\/div>\n\t\t\t\t<\/div>\n\t\t\t\t<\/div>\n\t\t\t\t\t<\/div>\n\t\t\t\t<\/div>\n\t\t<div class=\"elementor-element elementor-element-0909d87 e-con-full full-width elementor-hidden-desktop elementor-hidden-tablet e-flex wpr-particle-no wpr-jarallax-no wpr-parallax-no e-con e-parent\" data-id=\"0909d87\" data-element_type=\"container\" data-e-type=\"container\" data-settings=\"{&quot;background_background&quot;:&quot;classic&quot;}\">\n\t\t\t\t<div class=\"elementor-element elementor-element-2e4be87 e-transform elementor-widget elementor-widget-image\" data-id=\"2e4be87\" data-element_type=\"widget\" data-e-type=\"widget\" data-settings=\"{&quot;motion_fx_motion_fx_mouse&quot;:&quot;yes&quot;,&quot;motion_fx_mouseTrack_effect&quot;:&quot;yes&quot;,&quot;motion_fx_mouseTrack_speed&quot;:{&quot;unit&quot;:&quot;px&quot;,&quot;size&quot;:5.7,&quot;sizes&quot;:[]},&quot;_transform_translateX_effect&quot;:{&quot;unit&quot;:&quot;px&quot;,&quot;size&quot;:400,&quot;sizes&quot;:[]},&quot;_transform_translateX_effect_tablet&quot;:{&quot;unit&quot;:&quot;px&quot;,&quot;size&quot;:&quot;&quot;,&quot;sizes&quot;:[]},&quot;_transform_translateX_effect_mobile&quot;:{&quot;unit&quot;:&quot;px&quot;,&quot;size&quot;:&quot;&quot;,&quot;sizes&quot;:[]},&quot;_transform_translateY_effect&quot;:{&quot;unit&quot;:&quot;px&quot;,&quot;size&quot;:&quot;&quot;,&quot;sizes&quot;:[]},&quot;_transform_translateY_effect_tablet&quot;:{&quot;unit&quot;:&quot;px&quot;,&quot;size&quot;:&quot;&quot;,&quot;sizes&quot;:[]},&quot;_transform_translateY_effect_mobile&quot;:{&quot;unit&quot;:&quot;px&quot;,&quot;size&quot;:&quot;&quot;,&quot;sizes&quot;:[]}}\" data-widget_type=\"image.default\">\n\t\t\t\t<div class=\"elementor-widget-container\">\n\t\t\t\t\t\t\t\t\t\t\t\t\t\t\t<img decoding=\"async\" width=\"31\" height=\"32\" src=\"https:\/\/colchonescamudi.com.ar\/web\/wp-content\/uploads\/2024\/11\/blue-shine.png\" class=\"attachment-large size-large wp-image-1585\" alt=\"\" \/>\t\t\t\t\t\t\t\t\t\t\t\t\t\t\t<\/div>\n\t\t\t\t<\/div>\n\t\t\t\t<div class=\"elementor-element elementor-element-e09bcd8 wpr-fancy-text-slide wpr-advanced-text-style-animated wpr-animated-text-infinite-yes elementor-widget elementor-widget-wpr-advanced-text\" data-id=\"e09bcd8\" data-element_type=\"widget\" data-e-type=\"widget\" data-settings=\"{&quot;anim_loop&quot;:&quot;yes&quot;}\" data-widget_type=\"wpr-advanced-text.default\">\n\t\t\t\t<div class=\"elementor-widget-container\">\n\t\t\t\t\t\n\t\t<p class=\"wpr-advanced-text\">\n\n\t\t\t\t\t\n\t\t\t\n\t\t<span class=\"wpr-anim-text wpr-anim-text-type-slide\" data-anim-duration=\"1000,2000\" data-anim-loop=\"yes\">\n\t\t\t<span class=\"wpr-anim-text-inner\">\n\t\t\t\t\t\t\t\t\t<b>Presentes en todo el pa\u00eds<\/b>\n\t\t\t\t\t\t\t\t\t<b>M\u00e1s de 20 a\u00f1os de experiencia<\/b>\n\t\t\t\t\t\t\t\t\t<b>Venta mayorista y minorista<\/b>\n\t\t\t\t\t\t\t<\/span>\n\t\t\t\t\t<\/span>\n\n\t\t\t\t\n\t\t<\/p>\n\t\t\n\t\t\t\t\t\t<\/div>\n\t\t\t\t<\/div>\n\t\t\t\t<\/div>\n\t\t<div class=\"elementor-element elementor-element-8498621 e-con-full e-flex wpr-particle-no wpr-jarallax-no wpr-parallax-no wpr-sticky-section-no e-con e-parent\" data-id=\"8498621\" data-element_type=\"container\" data-e-type=\"container\">\n\t\t<div class=\"elementor-element elementor-element-5cdd028 e-con-full e-flex wpr-particle-no wpr-jarallax-no wpr-parallax-no wpr-sticky-section-no e-con e-child\" data-id=\"5cdd028\" data-element_type=\"container\" data-e-type=\"container\">\n\t\t<div class=\"elementor-element elementor-element-101b1e5 e-con-full elementor-hidden-mobile e-flex wpr-particle-no wpr-jarallax-no wpr-parallax-no wpr-sticky-section-no e-con e-child\" data-id=\"101b1e5\" data-element_type=\"container\" data-e-type=\"container\">\n\t\t<div class=\"elementor-element elementor-element-6f0e1a8 e-con-full full-width e-flex wpr-particle-no wpr-jarallax-no wpr-parallax-no e-con e-child\" data-id=\"6f0e1a8\" data-element_type=\"container\" data-e-type=\"container\" data-settings=\"{&quot;background_background&quot;:&quot;classic&quot;}\">\n\t\t\t\t<div class=\"elementor-element elementor-element-90e139b e-transform elementor-widget elementor-widget-image\" data-id=\"90e139b\" data-element_type=\"widget\" data-e-type=\"widget\" data-settings=\"{&quot;motion_fx_motion_fx_mouse&quot;:&quot;yes&quot;,&quot;motion_fx_mouseTrack_effect&quot;:&quot;yes&quot;,&quot;motion_fx_mouseTrack_speed&quot;:{&quot;unit&quot;:&quot;px&quot;,&quot;size&quot;:5.7,&quot;sizes&quot;:[]},&quot;_transform_translateX_effect&quot;:{&quot;unit&quot;:&quot;px&quot;,&quot;size&quot;:400,&quot;sizes&quot;:[]},&quot;_transform_translateX_effect_tablet&quot;:{&quot;unit&quot;:&quot;px&quot;,&quot;size&quot;:&quot;&quot;,&quot;sizes&quot;:[]},&quot;_transform_translateX_effect_mobile&quot;:{&quot;unit&quot;:&quot;px&quot;,&quot;size&quot;:&quot;&quot;,&quot;sizes&quot;:[]},&quot;_transform_translateY_effect&quot;:{&quot;unit&quot;:&quot;px&quot;,&quot;size&quot;:&quot;&quot;,&quot;sizes&quot;:[]},&quot;_transform_translateY_effect_tablet&quot;:{&quot;unit&quot;:&quot;px&quot;,&quot;size&quot;:&quot;&quot;,&quot;sizes&quot;:[]},&quot;_transform_translateY_effect_mobile&quot;:{&quot;unit&quot;:&quot;px&quot;,&quot;size&quot;:&quot;&quot;,&quot;sizes&quot;:[]}}\" data-widget_type=\"image.default\">\n\t\t\t\t<div class=\"elementor-widget-container\">\n\t\t\t\t\t\t\t\t\t\t\t\t\t\t\t<img decoding=\"async\" width=\"31\" height=\"32\" src=\"https:\/\/colchonescamudi.com.ar\/web\/wp-content\/uploads\/2024\/11\/blue-shine.png\" class=\"attachment-large size-large wp-image-1585\" alt=\"\" \/>\t\t\t\t\t\t\t\t\t\t\t\t\t\t\t<\/div>\n\t\t\t\t<\/div>\n\t\t\t\t<div class=\"elementor-element elementor-element-dd9178e wpr-fancy-text-slide elementor-widget__width-inherit wpr-advanced-text-style-animated wpr-animated-text-infinite-yes elementor-widget elementor-widget-wpr-advanced-text\" data-id=\"dd9178e\" data-element_type=\"widget\" data-e-type=\"widget\" data-settings=\"{&quot;anim_loop&quot;:&quot;yes&quot;}\" data-widget_type=\"wpr-advanced-text.default\">\n\t\t\t\t<div class=\"elementor-widget-container\">\n\t\t\t\t\t\n\t\t<p class=\"wpr-advanced-text\">\n\n\t\t\t\t\t\n\t\t\t\n\t\t<span class=\"wpr-anim-text wpr-anim-text-type-slide\" data-anim-duration=\"1000,2000\" data-anim-loop=\"yes\">\n\t\t\t<span class=\"wpr-anim-text-inner\">\n\t\t\t\t\t\t\t\t\t<b>Nuestros productos presentes a lo largo del pa\u00eds<\/b>\n\t\t\t\t\t\t\t\t\t<b>M\u00e1s de 20 a\u00f1os de experiencia fabricando productos para un buen dormir<\/b>\n\t\t\t\t\t\t\t\t\t<b>Cont\u00e1ctanos para venta mayorista y minorista<\/b>\n\t\t\t\t\t\t\t<\/span>\n\t\t\t\t\t<\/span>\n\n\t\t\t\t\n\t\t<\/p>\n\t\t\n\t\t\t\t\t\t<\/div>\n\t\t\t\t<\/div>\n\t\t\t\t<\/div>\n\t\t\t\t<\/div>\n\t\t\t\t<\/div>\n\t\t\t\t<\/div>\n\t\t\t\t<\/div>\n\t\t","protected":false},"excerpt":{"rendered":"<p>Garant\u00eda ELIJA EL COLCH\u00d3N QUE MEJOR SE ADAPTA A SU CUERPO RECOMENDACIONES sobre tu colch\u00f3n Deber\u00e1 colocarse sobre una superficie r\u00edgida y uniforme. Debe mantenerse en espacios cerrados; la lluvia, el sol<a class=\"moretag\" href=\"https:\/\/colchonescamudi.com.ar\/web\/garantias\/\">Leer m\u00e1s&#8230;<\/a><\/p>\n","protected":false},"author":2,"featured_media":0,"parent":0,"menu_order":0,"comment_status":"closed","ping_status":"closed","template":"elementor_header_footer","meta":{"footnotes":""},"class_list":["post-2342","page","type-page","status-publish","hentry"],"_links":{"self":[{"href":"https:\/\/colchonescamudi.com.ar\/web\/wp-json\/wp\/v2\/pages\/2342","targetHints":{"allow":["GET"]}}],"collection":[{"href":"https:\/\/colchonescamudi.com.ar\/web\/wp-json\/wp\/v2\/pages"}],"about":[{"href":"https:\/\/colchonescamudi.com.ar\/web\/wp-json\/wp\/v2\/types\/page"}],"author":[{"embeddable":true,"href":"https:\/\/colchonescamudi.com.ar\/web\/wp-json\/wp\/v2\/users\/2"}],"replies":[{"embeddable":true,"href":"https:\/\/colchonescamudi.com.ar\/web\/wp-json\/wp\/v2\/comments?post=2342"}],"version-history":[{"count":28,"href":"https:\/\/colchonescamudi.com.ar\/web\/wp-json\/wp\/v2\/pages\/2342\/revisions"}],"predecessor-version":[{"id":2653,"href":"https:\/\/colchonescamudi.com.ar\/web\/wp-json\/wp\/v2\/pages\/2342\/revisions\/2653"}],"wp:attachment":[{"href":"https:\/\/colchonescamudi.com.ar\/web\/wp-json\/wp\/v2\/media?parent=2342"}],"curies":[{"name":"wp","href":"https:\/\/api.w.org\/{rel}","templated":true}]}}