{"id":421,"date":"2022-02-17T16:22:52","date_gmt":"2022-02-17T16:22:52","guid":{"rendered":"http:\/\/colchonescamudi.com.ar\/web\/?page_id=421"},"modified":"2023-05-22T19:26:41","modified_gmt":"2023-05-22T19:26:41","slug":"almohadas","status":"publish","type":"page","link":"https:\/\/colchonescamudi.com.ar\/web\/almohadas\/","title":{"rendered":"Almohadas"},"content":{"rendered":"<div class=\"tx-row \"> <div class=\"tx-column tx-column-size-1-2\"><div class=\"tx-heading\" style=\"margin-bottom:24px; text-align: left;\"><h1 class=\"tx-heading-tag\" style=\"font-size:24px;\">La almohada que busc\u00e1s est\u00e1 ac\u00e1<\/h1><\/div>\r\n<p>Contamos con un modelo para cada necesidad y h\u00e1bito. Los modelos de almohadas Camudi var\u00edan en la tela y el relleno de cada una.<\/p>\r\n<p>Pod\u00e9s elegir entre los modelos <a href=\"http:\/\/colchonescamudi.com.ar\/web\/producto\/relax\/\">Relax<\/a>, <a href=\"http:\/\/colchonescamudi.com.ar\/web\/producto\/templanza\/\">Templanza<\/a>, <a href=\"http:\/\/colchonescamudi.com.ar\/web\/producto\/equilibrio\/\">Equilibrio<\/a>, <a href=\"http:\/\/colchonescamudi.com.ar\/web\/producto\/evolution\/\">Evolution<\/a> y <a href=\"https:\/\/colchonescamudi.com.ar\/web\/producto\/calm\/\">Calm <\/a>.<\/p>\r\n<p>Te invitamos a conocerlos en nuestro <a href=\"http:\/\/colchonescamudi.com.ar\/web\/tienda\/\">cat\u00e1logo<\/a>.<\/p>\r\n<\/div> <div class=\"tx-column tx-column-size-1-2\"><a href=\"http:\/\/colchonescamudi.com.ar\/web\/wp-content\/uploads\/2022\/06\/LAMINA-VISCO.jpg\"><img fetchpriority=\"high\" decoding=\"async\" class=\"size-full wp-image-589 alignright\" src=\"http:\/\/colchonescamudi.com.ar\/web\/wp-content\/uploads\/2022\/06\/LAMINA-VISCO.jpg\" alt=\"\" width=\"1000\" height=\"696\" srcset=\"https:\/\/colchonescamudi.com.ar\/web\/wp-content\/uploads\/2022\/06\/LAMINA-VISCO.jpg 1000w, https:\/\/colchonescamudi.com.ar\/web\/wp-content\/uploads\/2022\/06\/LAMINA-VISCO-300x209.jpg 300w, https:\/\/colchonescamudi.com.ar\/web\/wp-content\/uploads\/2022\/06\/LAMINA-VISCO-768x535.jpg 768w, https:\/\/colchonescamudi.com.ar\/web\/wp-content\/uploads\/2022\/06\/LAMINA-VISCO-600x418.jpg 600w\" sizes=\"(max-width: 1000px) 100vw, 1000px\" \/><\/a><\/p>\r\n<\/div> <\/div>\r\n","protected":false},"excerpt":{"rendered":"","protected":false},"author":2,"featured_media":0,"parent":0,"menu_order":0,"comment_status":"closed","ping_status":"closed","template":"","meta":{"footnotes":""},"class_list":["post-421","page","type-page","status-publish","hentry"],"_links":{"self":[{"href":"https:\/\/colchonescamudi.com.ar\/web\/wp-json\/wp\/v2\/pages\/421","targetHints":{"allow":["GET"]}}],"collection":[{"href":"https:\/\/colchonescamudi.com.ar\/web\/wp-json\/wp\/v2\/pages"}],"about":[{"href":"https:\/\/colchonescamudi.com.ar\/web\/wp-json\/wp\/v2\/types\/page"}],"author":[{"embeddable":true,"href":"https:\/\/colchonescamudi.com.ar\/web\/wp-json\/wp\/v2\/users\/2"}],"replies":[{"embeddable":true,"href":"https:\/\/colchonescamudi.com.ar\/web\/wp-json\/wp\/v2\/comments?post=421"}],"version-history":[{"count":14,"href":"https:\/\/colchonescamudi.com.ar\/web\/wp-json\/wp\/v2\/pages\/421\/revisions"}],"predecessor-version":[{"id":690,"href":"https:\/\/colchonescamudi.com.ar\/web\/wp-json\/wp\/v2\/pages\/421\/revisions\/690"}],"wp:attachment":[{"href":"https:\/\/colchonescamudi.com.ar\/web\/wp-json\/wp\/v2\/media?parent=421"}],"curies":[{"name":"wp","href":"https:\/\/api.w.org\/{rel}","templated":true}]}}