{"id":260,"date":"2021-12-15T02:56:27","date_gmt":"2021-12-15T02:56:27","guid":{"rendered":"http:\/\/colchonescamudi.com.ar\/web\/?post_type=product&#038;p=260"},"modified":"2024-11-25T21:31:05","modified_gmt":"2024-11-25T21:31:05","slug":"modelo-dorado","status":"publish","type":"product","link":"https:\/\/colchonescamudi.com.ar\/web\/producto\/modelo-dorado\/","title":{"rendered":"MODELO DORADO"},"content":{"rendered":"<h2 style=\"text-align: center;\">Medidas Disponibles<\/h2>\n<p>&nbsp;<\/p>\n<h2 style=\"text-align: center;\"><img fetchpriority=\"high\" decoding=\"async\" class=\"aligncenter wp-image-2180 size-full\" src=\"http:\/\/colchonescamudi.com.ar\/web\/wp-content\/uploads\/2021\/12\/medidas-disponibles.png\" alt=\"\" width=\"978\" height=\"131\" srcset=\"https:\/\/colchonescamudi.com.ar\/web\/wp-content\/uploads\/2021\/12\/medidas-disponibles.png 978w, https:\/\/colchonescamudi.com.ar\/web\/wp-content\/uploads\/2021\/12\/medidas-disponibles-300x40.png 300w, https:\/\/colchonescamudi.com.ar\/web\/wp-content\/uploads\/2021\/12\/medidas-disponibles-768x103.png 768w, https:\/\/colchonescamudi.com.ar\/web\/wp-content\/uploads\/2021\/12\/medidas-disponibles-600x80.png 600w, https:\/\/colchonescamudi.com.ar\/web\/wp-content\/uploads\/2021\/12\/medidas-disponibles-64x9.png 64w\" sizes=\"(max-width: 978px) 100vw, 978px\" \/><\/h2>\n<p><img decoding=\"async\" class=\"aligncenter wp-image-1844 size-full\" src=\"http:\/\/colchonescamudi.com.ar\/web\/wp-content\/uploads\/2021\/12\/23.png\" alt=\"\" width=\"3499\" height=\"512\" srcset=\"https:\/\/colchonescamudi.com.ar\/web\/wp-content\/uploads\/2021\/12\/23.png 3499w, https:\/\/colchonescamudi.com.ar\/web\/wp-content\/uploads\/2021\/12\/23-300x44.png 300w, https:\/\/colchonescamudi.com.ar\/web\/wp-content\/uploads\/2021\/12\/23-1024x150.png 1024w, https:\/\/colchonescamudi.com.ar\/web\/wp-content\/uploads\/2021\/12\/23-768x112.png 768w, https:\/\/colchonescamudi.com.ar\/web\/wp-content\/uploads\/2021\/12\/23-1536x225.png 1536w, https:\/\/colchonescamudi.com.ar\/web\/wp-content\/uploads\/2021\/12\/23-2048x300.png 2048w, https:\/\/colchonescamudi.com.ar\/web\/wp-content\/uploads\/2021\/12\/23-600x88.png 600w, https:\/\/colchonescamudi.com.ar\/web\/wp-content\/uploads\/2021\/12\/23-64x9.png 64w\" sizes=\"(max-width: 3499px) 100vw, 3499px\" \/><\/p>\n<p><img decoding=\"async\" class=\"aligncenter wp-image-2280 size-full\" src=\"http:\/\/colchonescamudi.com.ar\/web\/wp-content\/uploads\/2021\/12\/dorado2.png\" alt=\"\" width=\"1178\" height=\"146\" srcset=\"https:\/\/colchonescamudi.com.ar\/web\/wp-content\/uploads\/2021\/12\/dorado2.png 1178w, https:\/\/colchonescamudi.com.ar\/web\/wp-content\/uploads\/2021\/12\/dorado2-300x37.png 300w, https:\/\/colchonescamudi.com.ar\/web\/wp-content\/uploads\/2021\/12\/dorado2-1024x127.png 1024w, https:\/\/colchonescamudi.com.ar\/web\/wp-content\/uploads\/2021\/12\/dorado2-768x95.png 768w, https:\/\/colchonescamudi.com.ar\/web\/wp-content\/uploads\/2021\/12\/dorado2-600x74.png 600w, https:\/\/colchonescamudi.com.ar\/web\/wp-content\/uploads\/2021\/12\/dorado2-64x8.png 64w\" sizes=\"(max-width: 1178px) 100vw, 1178px\" \/><\/p>\n","protected":false},"excerpt":{"rendered":"<p>Nuestra linea dorada representa la combinaci\u00f3n entre <strong>comodidad y placer.<\/strong> Opci\u00f3n que otorga <strong>soporte y firmeza<\/strong> con una sensaci\u00f3n soft. Su sistema te permite descansar en la mejor posici\u00f3n. Su densidad garantiza una<strong> vida \u00fatil prolongada <\/strong>para que tu colch\u00f3n te acompa\u00f1e durante a\u00f1os.<\/p>\n<p>Placa interna<strong> ESPUMA ALTA DENSIDAD<\/strong> <strong>30kg\/m3<\/strong> &#8211; otorgando un soporte uniforme.<\/p>\n<p><strong>Matelaseado en su totalidad y tapizado <\/strong><strong>con un dise\u00f1o exclusivo en tela TEJIDO DE PUNTO<\/strong> <strong>TM<\/strong> para sentir el mayor confort en tu descanso.<\/p>\n<p>Su tecnolog\u00eda le brinda al colch\u00f3n las mismas propiedades en ambos lados maximizando as\u00ed su vida \u00fatil.<\/p>\n<p>Este modelo viene en las opciones sin pillow \/ con pillow simple \/ con pillow doble<\/p>\n<p>SE VENDE EL COLCH\u00d3N SOLO Y EL CONJUNTO SOMIER. A partir de la medida de 1.60 son dos bases por conjunto.<\/p>\n<p><a href=\"http:\/\/colchonescamudi.com.ar\/web\/wp-content\/uploads\/2024\/06\/4-1.png\"><img loading=\"lazy\" decoding=\"async\" class=\"alignnone wp-image-957\" src=\"http:\/\/colchonescamudi.com.ar\/web\/wp-content\/uploads\/2024\/06\/4-1-300x285.png\" alt=\"\" width=\"100\" height=\"95\" srcset=\"https:\/\/colchonescamudi.com.ar\/web\/wp-content\/uploads\/2024\/06\/4-1-300x285.png 300w, https:\/\/colchonescamudi.com.ar\/web\/wp-content\/uploads\/2024\/06\/4-1-600x570.png 600w, https:\/\/colchonescamudi.com.ar\/web\/wp-content\/uploads\/2024\/06\/4-1-64x61.png 64w, https:\/\/colchonescamudi.com.ar\/web\/wp-content\/uploads\/2024\/06\/4-1.png 689w\" sizes=\"(max-width: 100px) 100vw, 100px\" \/><\/a><\/p>\n","protected":false},"featured_media":637,"template":"","meta":[],"product_brand":[],"product_cat":[18,27],"product_tag":[],"class_list":{"0":"post-260","1":"product","2":"type-product","3":"status-publish","4":"has-post-thumbnail","6":"product_cat-colchones","7":"product_cat-linea-superior","9":"first","10":"instock","11":"shipping-taxable","12":"product-type-simple"},"_links":{"self":[{"href":"https:\/\/colchonescamudi.com.ar\/web\/wp-json\/wp\/v2\/product\/260","targetHints":{"allow":["GET"]}}],"collection":[{"href":"https:\/\/colchonescamudi.com.ar\/web\/wp-json\/wp\/v2\/product"}],"about":[{"href":"https:\/\/colchonescamudi.com.ar\/web\/wp-json\/wp\/v2\/types\/product"}],"wp:featuredmedia":[{"embeddable":true,"href":"https:\/\/colchonescamudi.com.ar\/web\/wp-json\/wp\/v2\/media\/637"}],"wp:attachment":[{"href":"https:\/\/colchonescamudi.com.ar\/web\/wp-json\/wp\/v2\/media?parent=260"}],"wp:term":[{"taxonomy":"product_brand","embeddable":true,"href":"https:\/\/colchonescamudi.com.ar\/web\/wp-json\/wp\/v2\/product_brand?post=260"},{"taxonomy":"product_cat","embeddable":true,"href":"https:\/\/colchonescamudi.com.ar\/web\/wp-json\/wp\/v2\/product_cat?post=260"},{"taxonomy":"product_tag","embeddable":true,"href":"https:\/\/colchonescamudi.com.ar\/web\/wp-json\/wp\/v2\/product_tag?post=260"}],"curies":[{"name":"wp","href":"https:\/\/api.w.org\/{rel}","templated":true}]}}