{"id":48,"date":"2021-11-05T21:29:33","date_gmt":"2021-11-05T21:29:33","guid":{"rendered":"http:\/\/colchonescamudi.com.ar\/web\/?post_type=product&#038;p=48"},"modified":"2024-11-25T21:30:56","modified_gmt":"2024-11-25T21:30:56","slug":"linea-marsella-190-x-140-x-24-cms","status":"publish","type":"product","link":"https:\/\/colchonescamudi.com.ar\/web\/producto\/linea-marsella-190-x-140-x-24-cms\/","title":{"rendered":"MODELO MARSELLA"},"content":{"rendered":"<h2 style=\"text-align: center;\">Medidas Disponibles<\/h2>\n<p>&nbsp;<\/p>\n<h2 style=\"text-align: center;\"><img fetchpriority=\"high\" decoding=\"async\" class=\"aligncenter wp-image-2182 size-full\" src=\"http:\/\/colchonescamudi.com.ar\/web\/wp-content\/uploads\/2021\/12\/medidas-disponibles-1.png\" alt=\"\" width=\"978\" height=\"131\" srcset=\"https:\/\/colchonescamudi.com.ar\/web\/wp-content\/uploads\/2021\/12\/medidas-disponibles-1.png 978w, https:\/\/colchonescamudi.com.ar\/web\/wp-content\/uploads\/2021\/12\/medidas-disponibles-1-300x40.png 300w, https:\/\/colchonescamudi.com.ar\/web\/wp-content\/uploads\/2021\/12\/medidas-disponibles-1-768x103.png 768w, https:\/\/colchonescamudi.com.ar\/web\/wp-content\/uploads\/2021\/12\/medidas-disponibles-1-600x80.png 600w, https:\/\/colchonescamudi.com.ar\/web\/wp-content\/uploads\/2021\/12\/medidas-disponibles-1-64x9.png 64w\" sizes=\"(max-width: 978px) 100vw, 978px\" \/><\/h2>\n<p><img decoding=\"async\" class=\"aligncenter wp-image-2068 size-full\" src=\"http:\/\/colchonescamudi.com.ar\/web\/wp-content\/uploads\/2021\/11\/25.png\" alt=\"\" width=\"3498\" height=\"512\" srcset=\"https:\/\/colchonescamudi.com.ar\/web\/wp-content\/uploads\/2021\/11\/25.png 3498w, https:\/\/colchonescamudi.com.ar\/web\/wp-content\/uploads\/2021\/11\/25-300x44.png 300w, https:\/\/colchonescamudi.com.ar\/web\/wp-content\/uploads\/2021\/11\/25-1024x150.png 1024w, https:\/\/colchonescamudi.com.ar\/web\/wp-content\/uploads\/2021\/11\/25-768x112.png 768w, https:\/\/colchonescamudi.com.ar\/web\/wp-content\/uploads\/2021\/11\/25-1536x225.png 1536w, https:\/\/colchonescamudi.com.ar\/web\/wp-content\/uploads\/2021\/11\/25-2048x300.png 2048w, https:\/\/colchonescamudi.com.ar\/web\/wp-content\/uploads\/2021\/11\/25-600x88.png 600w, https:\/\/colchonescamudi.com.ar\/web\/wp-content\/uploads\/2021\/11\/25-64x9.png 64w\" sizes=\"(max-width: 3498px) 100vw, 3498px\" \/><\/p>\n<p><img decoding=\"async\" class=\"aligncenter wp-image-2184 size-full\" src=\"http:\/\/colchonescamudi.com.ar\/web\/wp-content\/uploads\/2021\/11\/MARSELLA.png\" alt=\"\" width=\"1179\" height=\"146\" srcset=\"https:\/\/colchonescamudi.com.ar\/web\/wp-content\/uploads\/2021\/11\/MARSELLA.png 1179w, https:\/\/colchonescamudi.com.ar\/web\/wp-content\/uploads\/2021\/11\/MARSELLA-300x37.png 300w, https:\/\/colchonescamudi.com.ar\/web\/wp-content\/uploads\/2021\/11\/MARSELLA-1024x127.png 1024w, https:\/\/colchonescamudi.com.ar\/web\/wp-content\/uploads\/2021\/11\/MARSELLA-768x95.png 768w, https:\/\/colchonescamudi.com.ar\/web\/wp-content\/uploads\/2021\/11\/MARSELLA-600x74.png 600w, https:\/\/colchonescamudi.com.ar\/web\/wp-content\/uploads\/2021\/11\/MARSELLA-64x8.png 64w\" sizes=\"(max-width: 1179px) 100vw, 1179px\" \/><\/p>\n","protected":false},"excerpt":{"rendered":"<p>Placa interna <strong>ESPUMA de poliuretano 25kg\/m3<\/strong> firme y resistente.<\/p>\n<p>Matelaseado en su totalidad y tapizado con un dise\u00f1o exclusivo en <strong>tela JACKARD TM <\/strong>otorgando <strong>suavidad y durabilidad<\/strong> superior.<\/p>\n<p>Su tecnolog\u00eda le brinda al colch\u00f3n las mismas propiedades en ambos lados maximizando as\u00ed su vida \u00fatil.<\/p>\n<p>Este modelo viene sin pillow.<\/p>\n<p>SE VENDE EL COLCH\u00d3N SOLO Y EL CONJUNTO SOMMIER. A partir de la medida de 1.60 son dos bases por conjunto.<\/p>\n<p><a href=\"http:\/\/colchonescamudi.com.ar\/web\/wp-content\/uploads\/2024\/06\/3-1.png\"><img loading=\"lazy\" decoding=\"async\" class=\"alignnone wp-image-1043\" src=\"http:\/\/colchonescamudi.com.ar\/web\/wp-content\/uploads\/2024\/06\/3-1-300x285.png\" alt=\"\" width=\"100\" height=\"95\" srcset=\"https:\/\/colchonescamudi.com.ar\/web\/wp-content\/uploads\/2024\/06\/3-1-300x285.png 300w, https:\/\/colchonescamudi.com.ar\/web\/wp-content\/uploads\/2024\/06\/3-1-600x570.png 600w, https:\/\/colchonescamudi.com.ar\/web\/wp-content\/uploads\/2024\/06\/3-1-64x61.png 64w, https:\/\/colchonescamudi.com.ar\/web\/wp-content\/uploads\/2024\/06\/3-1.png 689w\" sizes=\"(max-width: 100px) 100vw, 100px\" \/><\/a><\/p>\n","protected":false},"featured_media":664,"template":"","meta":[],"product_brand":[],"product_cat":[18,27],"product_tag":[],"class_list":{"0":"post-48","1":"product","2":"type-product","3":"status-publish","4":"has-post-thumbnail","6":"product_cat-colchones","7":"product_cat-linea-superior","9":"first","10":"instock","11":"shipping-taxable","12":"product-type-simple"},"_links":{"self":[{"href":"https:\/\/colchonescamudi.com.ar\/web\/wp-json\/wp\/v2\/product\/48","targetHints":{"allow":["GET"]}}],"collection":[{"href":"https:\/\/colchonescamudi.com.ar\/web\/wp-json\/wp\/v2\/product"}],"about":[{"href":"https:\/\/colchonescamudi.com.ar\/web\/wp-json\/wp\/v2\/types\/product"}],"wp:featuredmedia":[{"embeddable":true,"href":"https:\/\/colchonescamudi.com.ar\/web\/wp-json\/wp\/v2\/media\/664"}],"wp:attachment":[{"href":"https:\/\/colchonescamudi.com.ar\/web\/wp-json\/wp\/v2\/media?parent=48"}],"wp:term":[{"taxonomy":"product_brand","embeddable":true,"href":"https:\/\/colchonescamudi.com.ar\/web\/wp-json\/wp\/v2\/product_brand?post=48"},{"taxonomy":"product_cat","embeddable":true,"href":"https:\/\/colchonescamudi.com.ar\/web\/wp-json\/wp\/v2\/product_cat?post=48"},{"taxonomy":"product_tag","embeddable":true,"href":"https:\/\/colchonescamudi.com.ar\/web\/wp-json\/wp\/v2\/product_tag?post=48"}],"curies":[{"name":"wp","href":"https:\/\/api.w.org\/{rel}","templated":true}]}}